{"id":500,"date":"2025-03-06T05:59:10","date_gmt":"2025-03-06T05:59:10","guid":{"rendered":"https:\/\/ayudatemporal.com\/?page_id=500"},"modified":"2026-02-05T00:24:41","modified_gmt":"2026-02-05T00:24:41","slug":"contacto","status":"publish","type":"page","link":"https:\/\/ayudatemporal.com\/en\/contacto\/","title":{"rendered":"Contacto"},"content":{"rendered":"<p>[et_pb_section fb_built=&#8221;1&#8243; admin_label=&#8221;Contact&#8221; _builder_version=&#8221;4.25.2&#8243; _module_preset=&#8221;default&#8221; background_enable_color=&#8221;off&#8221; custom_padding=&#8221;||23px|||&#8221; da_disable_devices=&#8221;off|off|off&#8221; locked=&#8221;off&#8221; global_colors_info=&#8221;{%22gcid-b6c4f12c-f25d-4f61-9fb1-6e96404634cd%22:%91%22background_color%22%93}&#8221; da_is_popup=&#8221;off&#8221; da_exit_intent=&#8221;off&#8221; da_has_close=&#8221;on&#8221; da_alt_close=&#8221;off&#8221; da_dark_close=&#8221;off&#8221; da_not_modal=&#8221;on&#8221; da_is_singular=&#8221;off&#8221; da_with_loader=&#8221;off&#8221; da_has_shadow=&#8221;on&#8221;][et_pb_row _builder_version=&#8221;4.25.2&#8243; _module_preset=&#8221;default&#8221; max_width=&#8221;1320px&#8221; global_colors_info=&#8221;{}&#8221;][et_pb_column type=&#8221;4_4&#8243; _builder_version=&#8221;4.25.2&#8243; _module_preset=&#8221;default&#8221; global_colors_info=&#8221;{}&#8221;][dipl_separator line_type=&#8221;none&#8221; use_with=&#8221;text&#8221; seprator_thickness=&#8221;1px&#8221; separator_color=&#8221;#25c19b&#8221; _builder_version=&#8221;4.27.2&#8243; _module_preset=&#8221;default&#8221; title_level=&#8221;h2&#8243; title_font=&#8221;PT Sans Narrow|700|||||||&#8221; title_text_align=&#8221;left&#8221; title_text_color=&#8221;#006c6e&#8221; title_font_size=&#8221;60px&#8221; body_font=&#8221;PT Sans Narrow|700|||||||&#8221; body_text_align=&#8221;left&#8221; body_text_color=&#8221;#006c6e&#8221; body_font_size=&#8221;40px&#8221; custom_margin=&#8221;0px|0px|0px|0px|true|true&#8221; custom_padding=&#8221;0px|0px|0px|0px|true|true&#8221; global_colors_info=&#8221;{}&#8221;]<\/p>\n<h2>Contacto<\/h2>\n<p>[\/dipl_separator][\/et_pb_column][\/et_pb_row][et_pb_row column_structure=&#8221;1_2,1_2&#8243; _builder_version=&#8221;4.25.2&#8243; _module_preset=&#8221;default&#8221; max_width=&#8221;1320px&#8221; global_colors_info=&#8221;{}&#8221;][et_pb_column type=&#8221;1_2&#8243; _builder_version=&#8221;4.25.2&#8243; _module_preset=&#8221;default&#8221; global_colors_info=&#8221;{}&#8221;][et_pb_text _builder_version=&#8221;4.27.2&#8243; _module_preset=&#8221;03261ad7-e226-4a1a-a558-7398a0849a33&#8243; global_colors_info=&#8221;{}&#8221;]<\/p>\n<p>Somos <strong>Ayuda Temporal del Caribe<\/strong>, una empresa especializada en la gesti\u00f3n del recurso humano, nos enfocamos en la excelencia y satisfacci\u00f3n de nuestros clientes ya que contamos con m\u00e1s de 20 a\u00f1os de experiencia en el sector. Para ATC su personal es nuestra prioridad.<\/p>\n<p>[\/et_pb_text][et_pb_blurb title=&#8221;Direcci\u00f3n&#8221; use_icon=&#8221;on&#8221; font_icon=&#8221;&#xf276;||fa||900&#8243; icon_color=&#8221;#006c6e&#8221; _builder_version=&#8221;4.27.2&#8243; _module_preset=&#8221;b7fc86fd-e083-4f72-865e-bb3fedb4bd22&#8243; body_font_size=&#8221;17px&#8221; global_colors_info=&#8221;{}&#8221;]<\/p>\n<p>Carrera 49C #74 \u2013 62, Barranquilla, Colombia.<\/p>\n<p>[\/et_pb_blurb][et_pb_blurb title=&#8221;Celular&#8221; use_icon=&#8221;on&#8221; font_icon=&#8221;&#xf10b;||fa||900&#8243; icon_color=&#8221;#006c6e&#8221; _builder_version=&#8221;4.27.2&#8243; _module_preset=&#8221;b7fc86fd-e083-4f72-865e-bb3fedb4bd22&#8243; body_font_size=&#8221;17px&#8221; hover_enabled=&#8221;0&#8243; global_colors_info=&#8221;{}&#8221; sticky_enabled=&#8221;0&#8243;]<\/p>\n<p><span>+57 (317) 4326186<\/span><\/p>\n<p>[\/et_pb_blurb][et_pb_blurb title=&#8221;Correo electr\u00f3nico&#8221; use_icon=&#8221;on&#8221; font_icon=&#8221;&#xf658;||fa||900&#8243; icon_color=&#8221;#006c6e&#8221; _builder_version=&#8221;4.27.2&#8243; _module_preset=&#8221;b7fc86fd-e083-4f72-865e-bb3fedb4bd22&#8243; header_font_size=&#8221;21px&#8221; body_font_size=&#8221;18px&#8221; global_colors_info=&#8221;{}&#8221;]<\/p>\n<p><span>seleccion@ayudatemporal.com<\/span><\/p>\n<p>[\/et_pb_blurb][\/et_pb_column][et_pb_column type=&#8221;1_2&#8243; _builder_version=&#8221;4.25.2&#8243; _module_preset=&#8221;b2d5bf0c-609d-4e15-9f10-2b37c4561b47&#8243; global_colors_info=&#8221;{}&#8221;][dipl_floating_image floating_container_height=&#8221;470px&#8221; _builder_version=&#8221;4.27.2&#8243; _module_preset=&#8221;default&#8221; global_colors_info=&#8221;{}&#8221;][dipl_floating_image_item image=&#8221;https:\/\/ayudatemporal.com\/wp-content\/uploads\/2024\/06\/Ayuda-temporal-del-caribe-fotos.jpg&#8221; horizontal_align=&#8221;12%&#8221; vertical_align=&#8221;-4%&#8221; _builder_version=&#8221;4.27.2&#8243; _module_preset=&#8221;default&#8221; global_colors_info=&#8221;{}&#8221;][\/dipl_floating_image_item][\/dipl_floating_image][\/et_pb_column][\/et_pb_row][\/et_pb_section][et_pb_section fb_built=&#8221;1&#8243; admin_label=&#8221;Map&#8221; _builder_version=&#8221;4.25.2&#8243; _module_preset=&#8221;default&#8221; custom_padding=&#8221;28px|||||&#8221; da_disable_devices=&#8221;off|off|off&#8221; global_colors_info=&#8221;{}&#8221; da_is_popup=&#8221;off&#8221; da_exit_intent=&#8221;off&#8221; da_has_close=&#8221;on&#8221; da_alt_close=&#8221;off&#8221; da_dark_close=&#8221;off&#8221; da_not_modal=&#8221;on&#8221; da_is_singular=&#8221;off&#8221; da_with_loader=&#8221;off&#8221; da_has_shadow=&#8221;on&#8221;][et_pb_row _builder_version=&#8221;4.27.2&#8243; _module_preset=&#8221;default&#8221; max_width=&#8221;1320px&#8221; global_colors_info=&#8221;{}&#8221;][et_pb_column type=&#8221;4_4&#8243; _builder_version=&#8221;4.25.2&#8243; _module_preset=&#8221;default&#8221; global_colors_info=&#8221;{}&#8221;][et_pb_code _builder_version=&#8221;4.27.2&#8243; _module_preset=&#8221;default&#8221; global_colors_info=&#8221;{}&#8221;]<iframe src=\"https:\/\/www.google.com\/maps\/embed?pb=!1m18!1m12!1m3!1d489.56637953056116!2d-74.80622152164284!3d10.99872681179188!2m3!1f0!2f0!3f0!3m2!1i1024!2i768!4f13.1!3m3!1m2!1s0x8ef42d0aec357863%3A0x1e85deb91c616619!2sAyuda%20Temporal%20del%20Caribe%20S.A.!5e0!3m2!1ses!2sco!4v1741240191503!5m2!1ses!2sco\" width=\"1600\" height=\"500\" style=\"border:0;\" allowfullscreen=\"\" loading=\"lazy\" referrerpolicy=\"no-referrer-when-downgrade\"><\/iframe>[\/et_pb_code][\/et_pb_column][\/et_pb_row][\/et_pb_section]<\/p>","protected":false},"excerpt":{"rendered":"<p><div class=\"et_pb_module dipl_separator dipl_separator_0\">\n\t\t\t\t\n\t\t\t\t\n\t\t\t\t\n\t\t\t\t\n\t\t\t\t\n\t\t\t\t\n\t\t\t\t<div class=\"et_pb_module_inner\">\n\t\t\t\t\t<div class=\"dipl_separator_container align_left\">\n\t\t\t\t\t\t\t\t\t<div class=\"dipl_line dipl_line_before\"><\/div>\n\t\t\t\t\t\t\t\t\t\t<div class=\"dipl-text-wrapper\">Contacto<\/div>\n\t\t\t\t\t\t\t\t\t\t\n\t\t\t\t\t\t\t\t\t\t\n\t\t\t\t\t\t\t\t\t<div class=\"dipl_line dipl_line_after\"><\/div>\n\t\t\t\t\t\t\t\t<\/div>\n\t\t\t\t<\/div>\n\t\t\t<\/div>Somos Ayuda Temporal del Caribe, una empresa especializada en la gesti\u00f3n del recurso humano, nos enfocamos en la excelencia y satisfacci\u00f3n de nuestros clientes ya que contamos con m\u00e1s de 20 a\u00f1os de [&hellip;]<\/p>","protected":false},"author":1,"featured_media":0,"parent":0,"menu_order":0,"comment_status":"closed","ping_status":"closed","template":"","meta":{"_et_pb_use_builder":"on","_et_pb_old_content":"","_et_gb_content_width":"","footnotes":""},"class_list":["post-500","page","type-page","status-publish","hentry"],"yoast_head":"<!-- This site is optimized with the Yoast SEO plugin v24.6 - https:\/\/yoast.com\/wordpress\/plugins\/seo\/ -->\n<title>Contacto - Ayuda Temporal del Caribe S.A.<\/title>\n<meta name=\"robots\" content=\"index, follow, max-snippet:-1, max-image-preview:large, max-video-preview:-1\" \/>\n<link rel=\"canonical\" href=\"https:\/\/ayudatemporal.com\/en\/contacto\/\" \/>\n<meta property=\"og:locale\" content=\"en_US\" \/>\n<meta property=\"og:type\" content=\"article\" \/>\n<meta property=\"og:title\" content=\"Contacto - Ayuda Temporal del Caribe S.A.\" \/>\n<meta property=\"og:description\" content=\"Nuestro proceso incluye los siguientres servicios\" \/>\n<meta property=\"og:url\" content=\"https:\/\/ayudatemporal.com\/en\/contacto\/\" \/>\n<meta property=\"og:site_name\" content=\"Ayuda Temporal del Caribe S.A.\" \/>\n<meta property=\"article:modified_time\" content=\"2026-02-05T00:24:41+00:00\" \/>\n<meta name=\"twitter:card\" content=\"summary_large_image\" \/>\n<script type=\"application\/ld+json\" class=\"yoast-schema-graph\">{\"@context\":\"https:\/\/schema.org\",\"@graph\":[{\"@type\":\"WebPage\",\"@id\":\"https:\/\/ayudatemporal.com\/contacto\/\",\"url\":\"https:\/\/ayudatemporal.com\/contacto\/\",\"name\":\"Contacto - Ayuda Temporal del Caribe S.A.\",\"isPartOf\":{\"@id\":\"https:\/\/ayudatemporal.com\/#website\"},\"datePublished\":\"2025-03-06T05:59:10+00:00\",\"dateModified\":\"2026-02-05T00:24:41+00:00\",\"breadcrumb\":{\"@id\":\"https:\/\/ayudatemporal.com\/contacto\/#breadcrumb\"},\"inLanguage\":\"en-US\",\"potentialAction\":[{\"@type\":\"ReadAction\",\"target\":[\"https:\/\/ayudatemporal.com\/contacto\/\"]}]},{\"@type\":\"BreadcrumbList\",\"@id\":\"https:\/\/ayudatemporal.com\/contacto\/#breadcrumb\",\"itemListElement\":[{\"@type\":\"ListItem\",\"position\":1,\"name\":\"Home\",\"item\":\"https:\/\/ayudatemporal.com\/\"},{\"@type\":\"ListItem\",\"position\":2,\"name\":\"Contacto\"}]},{\"@type\":\"WebSite\",\"@id\":\"https:\/\/ayudatemporal.com\/#website\",\"url\":\"https:\/\/ayudatemporal.com\/\",\"name\":\"Ayuda Temporal del Caribe S.A.\",\"description\":\"Su aliado estrat\u00e9gico en  Recursos Humanos\",\"potentialAction\":[{\"@type\":\"SearchAction\",\"target\":{\"@type\":\"EntryPoint\",\"urlTemplate\":\"https:\/\/ayudatemporal.com\/?s={search_term_string}\"},\"query-input\":{\"@type\":\"PropertyValueSpecification\",\"valueRequired\":true,\"valueName\":\"search_term_string\"}}],\"inLanguage\":\"en-US\"}]}<\/script>\n<!-- \/ Yoast SEO plugin. -->","yoast_head_json":{"title":"Contacto - Ayuda Temporal del Caribe S.A.","robots":{"index":"index","follow":"follow","max-snippet":"max-snippet:-1","max-image-preview":"max-image-preview:large","max-video-preview":"max-video-preview:-1"},"canonical":"https:\/\/ayudatemporal.com\/en\/contacto\/","og_locale":"en_US","og_type":"article","og_title":"Contacto - Ayuda Temporal del Caribe S.A.","og_description":"Nuestro proceso incluye los siguientres servicios","og_url":"https:\/\/ayudatemporal.com\/en\/contacto\/","og_site_name":"Ayuda Temporal del Caribe S.A.","article_modified_time":"2026-02-05T00:24:41+00:00","twitter_card":"summary_large_image","schema":{"@context":"https:\/\/schema.org","@graph":[{"@type":"WebPage","@id":"https:\/\/ayudatemporal.com\/contacto\/","url":"https:\/\/ayudatemporal.com\/contacto\/","name":"Contacto - Ayuda Temporal del Caribe S.A.","isPartOf":{"@id":"https:\/\/ayudatemporal.com\/#website"},"datePublished":"2025-03-06T05:59:10+00:00","dateModified":"2026-02-05T00:24:41+00:00","breadcrumb":{"@id":"https:\/\/ayudatemporal.com\/contacto\/#breadcrumb"},"inLanguage":"en-US","potentialAction":[{"@type":"ReadAction","target":["https:\/\/ayudatemporal.com\/contacto\/"]}]},{"@type":"BreadcrumbList","@id":"https:\/\/ayudatemporal.com\/contacto\/#breadcrumb","itemListElement":[{"@type":"ListItem","position":1,"name":"Home","item":"https:\/\/ayudatemporal.com\/"},{"@type":"ListItem","position":2,"name":"Contacto"}]},{"@type":"WebSite","@id":"https:\/\/ayudatemporal.com\/#website","url":"https:\/\/ayudatemporal.com\/","name":"Ayuda Temporal del Caribe S.A.","description":"Su aliado estrat\u00e9gico en  Recursos Humanos","potentialAction":[{"@type":"SearchAction","target":{"@type":"EntryPoint","urlTemplate":"https:\/\/ayudatemporal.com\/?s={search_term_string}"},"query-input":{"@type":"PropertyValueSpecification","valueRequired":true,"valueName":"search_term_string"}}],"inLanguage":"en-US"}]}},"_links":{"self":[{"href":"https:\/\/ayudatemporal.com\/en\/wp-json\/wp\/v2\/pages\/500","targetHints":{"allow":["GET"]}}],"collection":[{"href":"https:\/\/ayudatemporal.com\/en\/wp-json\/wp\/v2\/pages"}],"about":[{"href":"https:\/\/ayudatemporal.com\/en\/wp-json\/wp\/v2\/types\/page"}],"author":[{"embeddable":true,"href":"https:\/\/ayudatemporal.com\/en\/wp-json\/wp\/v2\/users\/1"}],"replies":[{"embeddable":true,"href":"https:\/\/ayudatemporal.com\/en\/wp-json\/wp\/v2\/comments?post=500"}],"version-history":[{"count":4,"href":"https:\/\/ayudatemporal.com\/en\/wp-json\/wp\/v2\/pages\/500\/revisions"}],"predecessor-version":[{"id":27967,"href":"https:\/\/ayudatemporal.com\/en\/wp-json\/wp\/v2\/pages\/500\/revisions\/27967"}],"wp:attachment":[{"href":"https:\/\/ayudatemporal.com\/en\/wp-json\/wp\/v2\/media?parent=500"}],"curies":[{"name":"wp","href":"https:\/\/api.w.org\/{rel}","templated":true}]}}